{"id":13204,"date":"2025-07-09T13:57:32","date_gmt":"2025-07-09T13:57:32","guid":{"rendered":"https:\/\/www.comptableahores.com\/declaracio-daccessibilitat\/"},"modified":"2025-12-09T10:57:38","modified_gmt":"2025-12-09T10:57:38","slug":"declaracion-de-accesibilidad","status":"publish","type":"page","link":"https:\/\/www.comptableahores.com\/es\/declaracion-de-accesibilidad\/","title":{"rendered":"Declaraci\u00f3n de accesibilidad"},"content":{"rendered":"\t\t<div data-elementor-type=\"wp-page\" data-elementor-id=\"13204\" class=\"elementor elementor-13204 elementor-12777\">\n\t\t\t\t<div class=\"elementor-element elementor-element-fcafa16 e-flex e-con-boxed e-con e-parent\" data-id=\"fcafa16\" data-element_type=\"container\">\n\t\t\t\t\t<div class=\"e-con-inner\">\n\t\t\t\t<div class=\"elementor-element elementor-element-802edc0 at-heading-animation at-animation-heading-none elementor-widget elementor-widget-heading\" data-id=\"802edc0\" data-element_type=\"widget\" data-settings=\"{&quot;ekit_we_effect_on&quot;:&quot;none&quot;}\" data-widget_type=\"heading.default\">\n\t\t\t\t\t<p class=\"elementor-heading-title elementor-size-default\">Introducci\u00f3n<\/p>\t\t\t\t<\/div>\n\t\t\t\t<div class=\"elementor-element elementor-element-426ffb9 elementor-widget elementor-widget-text-editor\" data-id=\"426ffb9\" data-element_type=\"widget\" data-settings=\"{&quot;ekit_we_effect_on&quot;:&quot;none&quot;}\" data-widget_type=\"text-editor.default\">\n\t\t\t\t\t\t\t\t\t<p>La entidad SUSANA FOLCR\u00c0 MART\u00cdN se ha comprometido a hacer accesible su sitio web de conformidad con el Real Decreto 1112\/2018, de 7 de septiembre, sobre accesibilidad de los sitios web y aplicaciones para dispositivos m\u00f3viles del sector p\u00fablico.<\/p><p>Esta declaraci\u00f3n de accesibilidad se aplica al sitio web <a href=\"http:\/\/www.comptableahores.com\" target=\"_blank\" rel=\"noopener\">www.comptableahores.com<\/a>.<\/p>\t\t\t\t\t\t\t\t<\/div>\n\t\t\t\t\t<\/div>\n\t\t\t\t<\/div>\n\t\t<div class=\"elementor-element elementor-element-9fee264 e-flex e-con-boxed e-con e-parent\" data-id=\"9fee264\" data-element_type=\"container\">\n\t\t\t\t\t<div class=\"e-con-inner\">\n\t\t\t\t<div class=\"elementor-element elementor-element-c66206e elementor-widget elementor-widget-spacer\" data-id=\"c66206e\" data-element_type=\"widget\" data-settings=\"{&quot;ekit_we_effect_on&quot;:&quot;none&quot;}\" data-widget_type=\"spacer.default\">\n\t\t\t\t\t\t\t<div class=\"elementor-spacer\">\n\t\t\t<div class=\"elementor-spacer-inner\"><\/div>\n\t\t<\/div>\n\t\t\t\t\t\t<\/div>\n\t\t\t\t<div class=\"elementor-element elementor-element-4d0dffe at-heading-animation at-animation-heading-none elementor-widget elementor-widget-heading\" data-id=\"4d0dffe\" data-element_type=\"widget\" data-settings=\"{&quot;ekit_we_effect_on&quot;:&quot;none&quot;}\" data-widget_type=\"heading.default\">\n\t\t\t\t\t<p class=\"elementor-heading-title elementor-size-default\">Situaci\u00f3n de cumplimiento\n<\/p>\t\t\t\t<\/div>\n\t\t\t\t<div class=\"elementor-element elementor-element-0b2171b elementor-widget elementor-widget-text-editor\" data-id=\"0b2171b\" data-element_type=\"widget\" data-settings=\"{&quot;ekit_we_effect_on&quot;:&quot;none&quot;}\" data-widget_type=\"text-editor.default\">\n\t\t\t\t\t\t\t\t\t<p>Este sitio web es parcialmente conforme al RD 1112\/2018 debido a las excepciones y la falta de conformidad de los aspectos que se indiquen a continuaci\u00f3n.<\/p>\t\t\t\t\t\t\t\t<\/div>\n\t\t\t\t<div class=\"elementor-element elementor-element-2e01f49 elementor-widget elementor-widget-spacer\" data-id=\"2e01f49\" data-element_type=\"widget\" data-settings=\"{&quot;ekit_we_effect_on&quot;:&quot;none&quot;}\" data-widget_type=\"spacer.default\">\n\t\t\t\t\t\t\t<div class=\"elementor-spacer\">\n\t\t\t<div class=\"elementor-spacer-inner\"><\/div>\n\t\t<\/div>\n\t\t\t\t\t\t<\/div>\n\t\t\t\t\t<\/div>\n\t\t\t\t<\/div>\n\t\t<div class=\"elementor-element elementor-element-76b7c98 e-flex e-con-boxed e-con e-parent\" data-id=\"76b7c98\" data-element_type=\"container\">\n\t\t\t\t\t<div class=\"e-con-inner\">\n\t\t\t\t<div class=\"elementor-element elementor-element-d7e6683 at-heading-animation at-animation-heading-none elementor-widget elementor-widget-heading\" data-id=\"d7e6683\" data-element_type=\"widget\" data-settings=\"{&quot;ekit_we_effect_on&quot;:&quot;none&quot;}\" data-widget_type=\"heading.default\">\n\t\t\t\t\t<p class=\"elementor-heading-title elementor-size-default\">Contenido no accesible\n<\/p>\t\t\t\t<\/div>\n\t\t\t\t<div class=\"elementor-element elementor-element-9b05527 elementor-widget elementor-widget-text-editor\" data-id=\"9b05527\" data-element_type=\"widget\" data-settings=\"{&quot;ekit_we_effect_on&quot;:&quot;none&quot;}\" data-widget_type=\"text-editor.default\">\n\t\t\t\t\t\t\t\t\t<p>El contenido que se recoge a continuaci\u00f3n no es accesible por lo siguiente:<\/p><p><strong>1. Carece de conformidad con el RD 1112\/2018:<\/strong><\/p><ul><li>Existen logotipos e im\u00e1genes con texto alternativo incorrecto o confuso e im\u00e1genes complejas sin descripci\u00f3n textual [requisito n\u00famero 9.1.1.1 Contenido no textual, de UNE-EN 301549:2022].<\/li><li>Existen listas creadas de forma incorrecta (sin etiqueta de lista), tablas con celdas etiquetadas incorrectamente y etiquetas invisibles en elementos de formularios [requisito n\u00famero 9.1.3.1 Informaci\u00f3n y relaciones, de UNE-EN 301549:2022].<\/li><li>Hay tablas no adaptadas a tama\u00f1os de pantalla peque\u00f1os y campos de formulario que no se visualizan correctamente en tama\u00f1os de pantalla peque\u00f1os [requisito n\u00famero 9.1.4.10 Reajuste de texto, de UNE-EN 301549:2022].<\/li><li>Hay texto que al cambiar los espacios y alturas de l\u00ednea no se visualiza correctamente [requisito n\u00famero 9.1.4.12 Espaciado de texto, de UNE-EN 301549:2022].<\/li><li>Hay elementos que no son accesibles por teclado, como enlaces a redes sociales, el editor de textos para comentarios, elementos para ordenar resultados de b\u00fasqueda, la paginaci\u00f3n de los resultados de b\u00fasqueda o las flechas de calendario [requisito n\u00famero 9.2.1.1 Teclado , de UNE-EN 301549:2022].<\/li><li>Hay elementos que no reciben el foco y por tanto no se puede interactuar mediante el teclado, por ejemplo [requisito n\u00famero 9.2.4.3 Orden del foco, de UNE-EN 301549:2022].<\/li><li>Hay enlaces en los que no se identifica correctamente su funci\u00f3n (tienen una descripci\u00f3n inadecuada, un texto demasiado gen\u00e9rico, un t\u00edtulo inadecuado\u2026).[requisito n\u00famero 9.2.4.4 Prop\u00f3sito de los enlaces, de UNE-EN 301549:2022].<\/li><li>Hay cabeceras con texto repetido y\/o poco descriptivo [requisito n\u00famero 9.2.4.6 Cabeceras y etiquetas, de UNE-EN 301549:2022].<\/li><li>Existen im\u00e1genes, infograf\u00edas, textos de enlaces o botones, texto de titulares y contenido que no est\u00e1n traducidos a otros idiomas [requisito n\u00famero 9.3.1.2 Idioma de las partes, de UNE-EN 301549:2022].<\/li><li>En alguna p\u00e1gina se est\u00e1 usando el mismo icono para diferentes prop\u00f3sitos, generando confusi\u00f3n [requisito n\u00famero 9.3.2.4 Identificaci\u00f3n coherente, de UNE-EN 301549:2022].<\/li><li>Existen mensajes de error poco descriptivos, o mensajes de error que no est\u00e1n agrupados en un \u00fanico mensaje as\u00ed como falta de sugerencias en formulario para cumplimentar los campos correctamente [requisito n\u00famero 9.3.3.1 Identificaci\u00f3n de errores, de UNE-EN 301549:2022].<\/li><li>Existen formularios con campos obligatorios donde no se informa al usuario, as\u00ed como campos donde falta un ejemplo textual del formato del campo.(como por ejemplo el DNI) [requisito n\u00famero 9.3.3.2 Etiquetas e instrucciones, de UNE-EN 301549:2022].<\/li><li>Hay campos de formularios en los que se informa del error cuando se introduce un valor incorrecto pero no se informa de una sugerencia para la correcci\u00f3n. [requisito n\u00famero 9.3.3.3 Sugerencias ante errores, de UNE-EN 301549:2022].<\/li><li>Hay p\u00e1ginas con errores de sintaxis y por tanto alg\u00fan producto de soporte puede no interpretar correctamente el contenido (ID&#8217;s de p\u00e1gina duplicados, etiquetas sin cerrar, construcci\u00f3n incorrecta de etiquetas\u2026). [requisito n\u00famero 9.4.1.1 Procesamiento, de UNE-EN 301549:2022].<\/li><li>Hay p\u00e1ginas donde los productos de soporte no podr\u00e1n obtener informaci\u00f3n, interactuar y estar al corriente del estado de los controles de interfaz de usuario, como mensajes de ayuda, mensajes de estado de resultado de acciones, atributos de enlaces , imagen de idioma de p\u00e1gina\u2026 que no podr\u00e1n ser le\u00eddos por lectores de pantalla en el momento en que aparecen [requisito n\u00famero 9.4.1.2 Nombre, funci\u00f3n, valor de UNE-EN 301549:2022].<\/li><li>Podr\u00eda haber errores puntuales de edici\u00f3n en alguna p\u00e1gina web.<\/li><\/ul><p><strong>2. Carga desproporcionada.<\/strong><\/p><p>No se aplica.<\/p><p><strong>3. El contenido no entra dentro del \u00e1mbito de la legislaci\u00f3n aplicable.<\/strong><\/p><p>Podr\u00edan existir archivos ofim\u00e1ticos en PDF u otros formatos publicados antes del 20 de septiembre de 2018 que no cumplan \u00edntegramente todos los requisitos de accesibilidad. Aunque se ha procurado que la mayor\u00eda s\u00ed lo cumplan.<\/p>\t\t\t\t\t\t\t\t<\/div>\n\t\t\t\t\t<\/div>\n\t\t\t\t<\/div>\n\t\t<div class=\"elementor-element elementor-element-2e35b87 e-flex e-con-boxed e-con e-parent\" data-id=\"2e35b87\" data-element_type=\"container\">\n\t\t\t\t\t<div class=\"e-con-inner\">\n\t\t\t\t<div class=\"elementor-element elementor-element-7d0b8ba elementor-widget elementor-widget-spacer\" data-id=\"7d0b8ba\" data-element_type=\"widget\" data-settings=\"{&quot;ekit_we_effect_on&quot;:&quot;none&quot;}\" data-widget_type=\"spacer.default\">\n\t\t\t\t\t\t\t<div class=\"elementor-spacer\">\n\t\t\t<div class=\"elementor-spacer-inner\"><\/div>\n\t\t<\/div>\n\t\t\t\t\t\t<\/div>\n\t\t\t\t<div class=\"elementor-element elementor-element-0b8c62b at-heading-animation at-animation-heading-none elementor-widget elementor-widget-heading\" data-id=\"0b8c62b\" data-element_type=\"widget\" data-settings=\"{&quot;ekit_we_effect_on&quot;:&quot;none&quot;}\" data-widget_type=\"heading.default\">\n\t\t\t\t\t<p class=\"elementor-heading-title elementor-size-default\">Preparaci\u00f3n de esta declaraci\u00f3n de accesibilidad\n<\/p>\t\t\t\t<\/div>\n\t\t\t\t<div class=\"elementor-element elementor-element-3a502e9 elementor-widget elementor-widget-text-editor\" data-id=\"3a502e9\" data-element_type=\"widget\" data-settings=\"{&quot;ekit_we_effect_on&quot;:&quot;none&quot;}\" data-widget_type=\"text-editor.default\">\n\t\t\t\t\t\t\t\t\t<p>Esta declaraci\u00f3n fue preparada en el 07\/07\/2025.<\/p><p>El m\u00e9todo empleado para preparar la declaraci\u00f3n ha sido una autoevaluaci\u00f3n llevada a cabo por la propia entidad.<\/p><p>\u00daltima revisi\u00f3n de la declaraci\u00f3n: 07\/07\/2025.<\/p>\t\t\t\t\t\t\t\t<\/div>\n\t\t\t\t<div class=\"elementor-element elementor-element-a3c6a72 elementor-widget elementor-widget-spacer\" data-id=\"a3c6a72\" data-element_type=\"widget\" data-settings=\"{&quot;ekit_we_effect_on&quot;:&quot;none&quot;}\" data-widget_type=\"spacer.default\">\n\t\t\t\t\t\t\t<div class=\"elementor-spacer\">\n\t\t\t<div class=\"elementor-spacer-inner\"><\/div>\n\t\t<\/div>\n\t\t\t\t\t\t<\/div>\n\t\t\t\t\t<\/div>\n\t\t\t\t<\/div>\n\t\t<div class=\"elementor-element elementor-element-8b3de17 e-flex e-con-boxed e-con e-parent\" data-id=\"8b3de17\" data-element_type=\"container\">\n\t\t\t\t\t<div class=\"e-con-inner\">\n\t\t\t\t<div class=\"elementor-element elementor-element-a477b41 elementor-widget elementor-widget-spacer\" data-id=\"a477b41\" data-element_type=\"widget\" data-settings=\"{&quot;ekit_we_effect_on&quot;:&quot;none&quot;}\" data-widget_type=\"spacer.default\">\n\t\t\t\t\t\t\t<div class=\"elementor-spacer\">\n\t\t\t<div class=\"elementor-spacer-inner\"><\/div>\n\t\t<\/div>\n\t\t\t\t\t\t<\/div>\n\t\t\t\t<div class=\"elementor-element elementor-element-da0f7de at-heading-animation at-animation-heading-none elementor-widget elementor-widget-heading\" data-id=\"da0f7de\" data-element_type=\"widget\" data-settings=\"{&quot;ekit_we_effect_on&quot;:&quot;none&quot;}\" data-widget_type=\"heading.default\">\n\t\t\t\t\t<p class=\"elementor-heading-title elementor-size-default\">Observaciones y datos de contacto\n<\/p>\t\t\t\t<\/div>\n\t\t\t\t<div class=\"elementor-element elementor-element-793e960 elementor-widget elementor-widget-text-editor\" data-id=\"793e960\" data-element_type=\"widget\" data-settings=\"{&quot;ekit_we_effect_on&quot;:&quot;none&quot;}\" data-widget_type=\"text-editor.default\">\n\t\t\t\t\t\t\t\t\t<p><strong>Puede realizar comunicaciones sobre requisitos de accesibilidad (art\u00edculo 10.2.a) del RD 1112\/2018) como por ejemplo:<\/strong><\/p><p>&#8211; Informar sobre cualquier posible incumplimiento por parte de este sitio web.<br \/>&#8211; Transmitir otras dificultades de acceso al contenido.<br \/>&#8211; Formular cualquier otra consulta o sugerencia de mejora relativa a la accesibilidad del sitio web.<\/p><p><strong>A trav\u00e9s del formulario de contacto puede presentar:<\/strong><\/p><p>&#8211; Una queja relativa al cumplimiento de los requisitos del RD 1112\/2018.<br \/>&#8211; Una solicitud de informaci\u00f3n accesible relativa a:<br \/>\u00a0 \u00a0 &#8211; Contenidos que est\u00e1n excluidos del \u00e1mbito de aplicaci\u00f3n del RD 1112\/2018 seg\u00fan lo que establece el art\u00edculo 3, apartado 4.<br \/>\u00a0 \u00a0 &#8211; Contenidos que est\u00e1n exentos del cumplimiento de los requisitos de accesibilidad para imponer una carga desproporcionada.<\/p><p>En la Solicitud de informaci\u00f3n accesible, deben concretarse, con toda claridad, los hechos, las razones y la petici\u00f3n que permitan constatar que se trata de una solicitud razonable y leg\u00edtima.<\/p>\t\t\t\t\t\t\t\t<\/div>\n\t\t\t\t<div class=\"elementor-element elementor-element-5ba66ff elementor-widget elementor-widget-spacer\" data-id=\"5ba66ff\" data-element_type=\"widget\" data-settings=\"{&quot;ekit_we_effect_on&quot;:&quot;none&quot;}\" data-widget_type=\"spacer.default\">\n\t\t\t\t\t\t\t<div class=\"elementor-spacer\">\n\t\t\t<div class=\"elementor-spacer-inner\"><\/div>\n\t\t<\/div>\n\t\t\t\t\t\t<\/div>\n\t\t\t\t\t<\/div>\n\t\t\t\t<\/div>\n\t\t<div class=\"elementor-element elementor-element-4f2b664 e-flex e-con-boxed e-con e-parent\" data-id=\"4f2b664\" data-element_type=\"container\">\n\t\t\t\t\t<div class=\"e-con-inner\">\n\t\t\t\t<div class=\"elementor-element elementor-element-652b91b elementor-widget elementor-widget-spacer\" data-id=\"652b91b\" data-element_type=\"widget\" data-settings=\"{&quot;ekit_we_effect_on&quot;:&quot;none&quot;}\" data-widget_type=\"spacer.default\">\n\t\t\t\t\t\t\t<div class=\"elementor-spacer\">\n\t\t\t<div class=\"elementor-spacer-inner\"><\/div>\n\t\t<\/div>\n\t\t\t\t\t\t<\/div>\n\t\t\t\t<div class=\"elementor-element elementor-element-920f2b7 at-heading-animation at-animation-heading-none elementor-widget elementor-widget-heading\" data-id=\"920f2b7\" data-element_type=\"widget\" data-settings=\"{&quot;ekit_we_effect_on&quot;:&quot;none&quot;}\" data-widget_type=\"heading.default\">\n\t\t\t\t\t<p class=\"elementor-heading-title elementor-size-default\">Contenido opcional\n<\/p>\t\t\t\t<\/div>\n\t\t\t\t<div class=\"elementor-element elementor-element-63a3f32 elementor-widget elementor-widget-text-editor\" data-id=\"63a3f32\" data-element_type=\"widget\" data-settings=\"{&quot;ekit_we_effect_on&quot;:&quot;none&quot;}\" data-widget_type=\"text-editor.default\">\n\t\t\t\t\t\t\t\t\t<p>Este sitio web aplica los requisitos de la Norma UNE-EN 301549:2022 considerando las excepciones del RD 1112\/2018.<\/p><p>La \u00faltima revisi\u00f3n de la accesibilidad se ha realizado en 07\/07\/2025.<\/p><p>El sitio web est\u00e1 optimizado para los navegadores Microsoft Internet Explorer 8.0 o versiones superiores y las \u00faltimas versiones vigentes de FireFox, Safari, Opera y Google Chrome.<\/p><p>El sitio web est\u00e1 dise\u00f1ado para su visualizaci\u00f3n Responsive, por lo que se visualiza de forma \u00f3ptima en los dispositivos tablet y m\u00f3viles. En estos dispositivos est\u00e1 optimizado para visualizarlo en las \u00faltimas versiones vigentes de Chrome for mobile Safari mobile, Opera Mini y navegador nativo de Android.<\/p>\t\t\t\t\t\t\t\t<\/div>\n\t\t\t\t<div class=\"elementor-element elementor-element-9a1a00d elementor-widget elementor-widget-spacer\" data-id=\"9a1a00d\" data-element_type=\"widget\" data-settings=\"{&quot;ekit_we_effect_on&quot;:&quot;none&quot;}\" data-widget_type=\"spacer.default\">\n\t\t\t\t\t\t\t<div class=\"elementor-spacer\">\n\t\t\t<div class=\"elementor-spacer-inner\"><\/div>\n\t\t<\/div>\n\t\t\t\t\t\t<\/div>\n\t\t\t\t\t<\/div>\n\t\t\t\t<\/div>\n\t\t\t\t<\/div>\n\t\t","protected":false},"excerpt":{"rendered":"<p>Introducci\u00f3n La entidad SUSANA FOLCR\u00c0 MART\u00cdN se ha comprometido a hacer accesible [&hellip;]<\/p>\n","protected":false},"author":1,"featured_media":0,"parent":0,"menu_order":0,"comment_status":"closed","ping_status":"closed","template":"","meta":{"footnotes":""},"class_list":["post-13204","page","type-page","status-publish","hentry"],"yoast_head":"<!-- This site is optimized with the Yoast SEO plugin v27.2 - https:\/\/yoast.com\/product\/yoast-seo-wordpress\/ -->\n<title>Declaraci\u00f3n de accesibilidad - Comptable a Hores<\/title>\n<meta name=\"robots\" content=\"index, follow, max-snippet:-1, max-image-preview:large, max-video-preview:-1\" \/>\n<link rel=\"canonical\" href=\"https:\/\/www.comptableahores.com\/es\/declaracion-de-accesibilidad\/\" \/>\n<meta property=\"og:locale\" content=\"es_ES\" \/>\n<meta property=\"og:type\" content=\"article\" \/>\n<meta property=\"og:title\" content=\"Declaraci\u00f3n de accesibilidad - Comptable a Hores\" \/>\n<meta property=\"og:description\" content=\"Introducci\u00f3n La entidad SUSANA FOLCR\u00c0 MART\u00cdN se ha comprometido a hacer accesible [&hellip;]\" \/>\n<meta property=\"og:url\" content=\"https:\/\/www.comptableahores.com\/es\/declaracion-de-accesibilidad\/\" \/>\n<meta property=\"og:site_name\" content=\"Comptable a Hores\" \/>\n<meta property=\"article:modified_time\" content=\"2025-12-09T10:57:38+00:00\" \/>\n<meta name=\"twitter:card\" content=\"summary_large_image\" \/>\n<meta name=\"twitter:label1\" content=\"Tiempo de lectura\" \/>\n\t<meta name=\"twitter:data1\" content=\"5 minutos\" \/>\n<script type=\"application\/ld+json\" class=\"yoast-schema-graph\">{\"@context\":\"https:\/\/schema.org\",\"@graph\":[{\"@type\":\"WebPage\",\"@id\":\"https:\/\/www.comptableahores.com\/es\/declaracion-de-accesibilidad\/\",\"url\":\"https:\/\/www.comptableahores.com\/es\/declaracion-de-accesibilidad\/\",\"name\":\"Declaraci\u00f3n de accesibilidad - Comptable a Hores\",\"isPartOf\":{\"@id\":\"https:\/\/www.comptableahores.com\/es\/#website\"},\"datePublished\":\"2025-07-09T13:57:32+00:00\",\"dateModified\":\"2025-12-09T10:57:38+00:00\",\"breadcrumb\":{\"@id\":\"https:\/\/www.comptableahores.com\/es\/declaracion-de-accesibilidad\/#breadcrumb\"},\"inLanguage\":\"es\",\"potentialAction\":[{\"@type\":\"ReadAction\",\"target\":[\"https:\/\/www.comptableahores.com\/es\/declaracion-de-accesibilidad\/\"]}]},{\"@type\":\"BreadcrumbList\",\"@id\":\"https:\/\/www.comptableahores.com\/es\/declaracion-de-accesibilidad\/#breadcrumb\",\"itemListElement\":[{\"@type\":\"ListItem\",\"position\":1,\"name\":\"Inici\",\"item\":\"https:\/\/www.comptableahores.com\/es\/\"},{\"@type\":\"ListItem\",\"position\":2,\"name\":\"Declaraci\u00f3n de accesibilidad\"}]},{\"@type\":\"WebSite\",\"@id\":\"https:\/\/www.comptableahores.com\/es\/#website\",\"url\":\"https:\/\/www.comptableahores.com\/es\/\",\"name\":\"Comptable a Hores\",\"description\":\"Acompanyament comptable, fiscal i laboral.\",\"publisher\":{\"@id\":\"https:\/\/www.comptableahores.com\/es\/#organization\"},\"potentialAction\":[{\"@type\":\"SearchAction\",\"target\":{\"@type\":\"EntryPoint\",\"urlTemplate\":\"https:\/\/www.comptableahores.com\/es\/?s={search_term_string}\"},\"query-input\":{\"@type\":\"PropertyValueSpecification\",\"valueRequired\":true,\"valueName\":\"search_term_string\"}}],\"inLanguage\":\"es\"},{\"@type\":\"Organization\",\"@id\":\"https:\/\/www.comptableahores.com\/es\/#organization\",\"name\":\"Comptable a Hores\",\"url\":\"https:\/\/www.comptableahores.com\/es\/\",\"logo\":{\"@type\":\"ImageObject\",\"inLanguage\":\"es\",\"@id\":\"https:\/\/www.comptableahores.com\/es\/#\/schema\/logo\/image\/\",\"url\":\"https:\/\/www.comptableahores.com\/wp-content\/uploads\/2024\/10\/cropped-logo-comptable-a-hores-2025.png\",\"contentUrl\":\"https:\/\/www.comptableahores.com\/wp-content\/uploads\/2024\/10\/cropped-logo-comptable-a-hores-2025.png\",\"width\":500,\"height\":240,\"caption\":\"Comptable a Hores\"},\"image\":{\"@id\":\"https:\/\/www.comptableahores.com\/es\/#\/schema\/logo\/image\/\"}}]}<\/script>\n<!-- \/ Yoast SEO plugin. -->","yoast_head_json":{"title":"Declaraci\u00f3n de accesibilidad - Comptable a Hores","robots":{"index":"index","follow":"follow","max-snippet":"max-snippet:-1","max-image-preview":"max-image-preview:large","max-video-preview":"max-video-preview:-1"},"canonical":"https:\/\/www.comptableahores.com\/es\/declaracion-de-accesibilidad\/","og_locale":"es_ES","og_type":"article","og_title":"Declaraci\u00f3n de accesibilidad - Comptable a Hores","og_description":"Introducci\u00f3n La entidad SUSANA FOLCR\u00c0 MART\u00cdN se ha comprometido a hacer accesible [&hellip;]","og_url":"https:\/\/www.comptableahores.com\/es\/declaracion-de-accesibilidad\/","og_site_name":"Comptable a Hores","article_modified_time":"2025-12-09T10:57:38+00:00","twitter_card":"summary_large_image","twitter_misc":{"Tiempo de lectura":"5 minutos"},"schema":{"@context":"https:\/\/schema.org","@graph":[{"@type":"WebPage","@id":"https:\/\/www.comptableahores.com\/es\/declaracion-de-accesibilidad\/","url":"https:\/\/www.comptableahores.com\/es\/declaracion-de-accesibilidad\/","name":"Declaraci\u00f3n de accesibilidad - Comptable a Hores","isPartOf":{"@id":"https:\/\/www.comptableahores.com\/es\/#website"},"datePublished":"2025-07-09T13:57:32+00:00","dateModified":"2025-12-09T10:57:38+00:00","breadcrumb":{"@id":"https:\/\/www.comptableahores.com\/es\/declaracion-de-accesibilidad\/#breadcrumb"},"inLanguage":"es","potentialAction":[{"@type":"ReadAction","target":["https:\/\/www.comptableahores.com\/es\/declaracion-de-accesibilidad\/"]}]},{"@type":"BreadcrumbList","@id":"https:\/\/www.comptableahores.com\/es\/declaracion-de-accesibilidad\/#breadcrumb","itemListElement":[{"@type":"ListItem","position":1,"name":"Inici","item":"https:\/\/www.comptableahores.com\/es\/"},{"@type":"ListItem","position":2,"name":"Declaraci\u00f3n de accesibilidad"}]},{"@type":"WebSite","@id":"https:\/\/www.comptableahores.com\/es\/#website","url":"https:\/\/www.comptableahores.com\/es\/","name":"Comptable a Hores","description":"Acompanyament comptable, fiscal i laboral.","publisher":{"@id":"https:\/\/www.comptableahores.com\/es\/#organization"},"potentialAction":[{"@type":"SearchAction","target":{"@type":"EntryPoint","urlTemplate":"https:\/\/www.comptableahores.com\/es\/?s={search_term_string}"},"query-input":{"@type":"PropertyValueSpecification","valueRequired":true,"valueName":"search_term_string"}}],"inLanguage":"es"},{"@type":"Organization","@id":"https:\/\/www.comptableahores.com\/es\/#organization","name":"Comptable a Hores","url":"https:\/\/www.comptableahores.com\/es\/","logo":{"@type":"ImageObject","inLanguage":"es","@id":"https:\/\/www.comptableahores.com\/es\/#\/schema\/logo\/image\/","url":"https:\/\/www.comptableahores.com\/wp-content\/uploads\/2024\/10\/cropped-logo-comptable-a-hores-2025.png","contentUrl":"https:\/\/www.comptableahores.com\/wp-content\/uploads\/2024\/10\/cropped-logo-comptable-a-hores-2025.png","width":500,"height":240,"caption":"Comptable a Hores"},"image":{"@id":"https:\/\/www.comptableahores.com\/es\/#\/schema\/logo\/image\/"}}]}},"_links":{"self":[{"href":"https:\/\/www.comptableahores.com\/es\/wp-json\/wp\/v2\/pages\/13204","targetHints":{"allow":["GET"]}}],"collection":[{"href":"https:\/\/www.comptableahores.com\/es\/wp-json\/wp\/v2\/pages"}],"about":[{"href":"https:\/\/www.comptableahores.com\/es\/wp-json\/wp\/v2\/types\/page"}],"author":[{"embeddable":true,"href":"https:\/\/www.comptableahores.com\/es\/wp-json\/wp\/v2\/users\/1"}],"replies":[{"embeddable":true,"href":"https:\/\/www.comptableahores.com\/es\/wp-json\/wp\/v2\/comments?post=13204"}],"version-history":[{"count":4,"href":"https:\/\/www.comptableahores.com\/es\/wp-json\/wp\/v2\/pages\/13204\/revisions"}],"predecessor-version":[{"id":13208,"href":"https:\/\/www.comptableahores.com\/es\/wp-json\/wp\/v2\/pages\/13204\/revisions\/13208"}],"wp:attachment":[{"href":"https:\/\/www.comptableahores.com\/es\/wp-json\/wp\/v2\/media?parent=13204"}],"curies":[{"name":"wp","href":"https:\/\/api.w.org\/{rel}","templated":true}]}}